{"id":57,"date":"2014-02-26T23:09:42","date_gmt":"2014-02-26T22:09:42","guid":{"rendered":"http:\/\/www.laflechelibre.fr\/blog\/?page_id=57"},"modified":"2015-08-10T15:30:58","modified_gmt":"2015-08-10T14:30:58","slug":"le-tir-instinctif-a-larc","status":"publish","type":"page","link":"https:\/\/www.laflechelibre.fr\/blog\/le-tir-instinctif-a-larc\/","title":{"rendered":"Le Tir \u00e0 l&rsquo;Arc Instinctif"},"content":{"rendered":"<p style=\"text-align: justify;\">Le Tir \u00e0 l&rsquo;Arc Instinctif prend sa source des techniques ance<img loading=\"lazy\" decoding=\"async\" class=\"alignleft size-full wp-image-62\" src=\"https:\/\/www.laflechelibre.fr\/blog\/wp-content\/uploads\/2014\/02\/tir-primitif.jpg\" alt=\"tir-primitif\" width=\"102\" height=\"105\" \/>strales des chasseurs \u00e0 l\u2019arc qui doivent pouvoir s\u2019adapter \u00e0 n\u2019importe quelle situation.<br \/>\nPar sa nature m\u00eame, le Tir Instinctif peut s\u2019appr\u00e9hender facilement d\u2019une mani\u00e8re ludique. Les fondamentaux du tir \u00e0 l\u2019arc sont bien l\u00e0 mais rien n\u2019est dogmatique et fig\u00e9. Les cibles peuvent varier de forme, de distance. Elles peuvent \u00eatre mouvantes, volantes, etc&#8230;<br \/>\n<img loading=\"lazy\" decoding=\"async\" class=\"alignright size-full wp-image-60\" src=\"https:\/\/www.laflechelibre.fr\/blog\/wp-content\/uploads\/2014\/02\/bear.jpg\" alt=\"bear\" width=\"100\" height=\"104\" \/> Les archers peuvent \u00eatre amen\u00e9s \u00e0 tirer dans des positions atypiques : \u00e0 genoux, assis, de dos \u2026 et m\u00eame couch\u00e9 !<br \/>\nDans le Tir Instinctif, tout peut \u00eatre pr\u00e9texte \u00e0 tirer une fl\u00e8che&#8230; \u00e0 faire voler une jolie fl\u00e8che.<br \/>\nBien que le Tir Instinctif se pratique traditionnellement avec un arc droit (LongBow) ou Recurve, il est tout \u00e0 fait possible de le pratiquer avec un arc \u00e0 poulie (Compound) ou tout autre type d\u2019arc.<br \/>\n<img loading=\"lazy\" decoding=\"async\" class=\"alignleft size-full wp-image-63\" src=\"https:\/\/www.laflechelibre.fr\/blog\/wp-content\/uploads\/2014\/02\/UncleHowardBowShot.jpg\" alt=\"UncleHowardBowShot\" width=\"102\" height=\"138\" \/>La technique demande simplement de travailler sans viseur et d\u2019appr\u00e9hender les distances d\u2019une mani\u00e8re non fig\u00e9e et non mesur\u00e9e. Ceci induit obligatoirement une vis\u00e9e avec les 2 yeux ouverts.<\/p>\n<p style=\"text-align: justify;\">L\u2019appellation de \u00ab\u00a0Tir Instinctif\u00a0\u00bb peut \u00eatre mal interpr\u00e9t\u00e9e. Le mot \u00ab\u00a0Instinctif\u00a0\u00bb ne fait aucunement r\u00e9f\u00e9rence \u00e0 quelque chose d\u2019inn\u00e9 li\u00e9 \u00e0 l\u2019instinct animal, bien au contraire\u00a0!<br \/>\nA l\u2019oppos\u00e9 du tir \u00e0 l\u2019arc en vis\u00e9e lin\u00e9aire avec un seul \u0153il et deux points de rep\u00e8res, la vis\u00e9e avec les deux yeux dans le tir \u00e0 l\u2019arc instinctif est quelque chose de beaucoup plus abstrait.<br \/>\nDe ce fait, le tir instinctif reste une technique plus longue \u00e0 appr\u00e9hender que le tir avec vis\u00e9e lin\u00e9aire.<br \/>\nDans une situation donn\u00e9e, cela demande la r\u00e9p\u00e9tition importante d\u2019une m\u00eame gestuelle afin de <em><span style=\"text-decoration: underline;\">tendre<\/span><\/em> vers quelque chose de ma\u00eetris\u00e9.<br \/>\nTout le secret est de r\u00e9ussir \u00e0 mettre en accord ce que l\u2019on voit avec nos 2 yeux et ce que notre cerveau analyse (position de la cible dans l\u2019espace, distance ressentie, etc&#8230;) avec la position de tout notre corps afin que la fl\u00e8che atteigne son but.<br \/>\n<a href=\"https:\/\/www.laflechelibre.fr\/blog\/wp-content\/uploads\/2014\/02\/Armand_Mamy-Rahaga.png\"><img loading=\"lazy\" decoding=\"async\" class=\"size-full wp-image-116 alignleft\" src=\"https:\/\/www.laflechelibre.fr\/blog\/wp-content\/uploads\/2014\/02\/Armand_Mamy-Rahaga.png\" alt=\"Armand_Mamy-Rahaga\" width=\"102\" height=\"142\" \/><\/a>Donc, vous l\u2019aurez compris, il n\u2019y a rien d\u2019inn\u00e9 dans tout \u00e7a.<br \/>\nLa pratique du tir \u00e0 l\u2019arc instinctif demande un travail assez important et r\u00e9fl\u00e9chi pour arriver \u00e0 rendre nos actions de tir \u00ab\u00a0non r\u00e9fl\u00e9chies\u00a0\u00bb et donc \u00ab\u00a0instinctives\u00a0\u00bb&#8230;<\/p>\n","protected":false},"excerpt":{"rendered":"<p>Le Tir \u00e0 l&rsquo;Arc Instinctif prend sa source des techniques ancestrales des chasseurs \u00e0 l\u2019arc qui doivent pouvoir s\u2019adapter \u00e0 n\u2019importe quelle situation. Par sa nature m\u00eame, le Tir Instinctif peut s\u2019appr\u00e9hender facilement d\u2019une mani\u00e8re ludique. Les fondamentaux du tir \u00e0 l\u2019arc sont bien l\u00e0 mais rien n\u2019est dogmatique et fig\u00e9. Les cibles peuvent varier &hellip; <a href=\"https:\/\/www.laflechelibre.fr\/blog\/le-tir-instinctif-a-larc\/\" class=\"more-link\">Continuer la lecture de <span class=\"screen-reader-text\">Le Tir \u00e0 l&rsquo;Arc Instinctif<\/span>  <span class=\"meta-nav\">&rarr;<\/span><\/a><\/p>\n","protected":false},"author":1,"featured_media":0,"parent":0,"menu_order":2,"comment_status":"closed","ping_status":"closed","template":"","meta":{"footnotes":""},"class_list":["post-57","page","type-page","status-publish","hentry"],"_links":{"self":[{"href":"https:\/\/www.laflechelibre.fr\/blog\/wp-json\/wp\/v2\/pages\/57","targetHints":{"allow":["GET"]}}],"collection":[{"href":"https:\/\/www.laflechelibre.fr\/blog\/wp-json\/wp\/v2\/pages"}],"about":[{"href":"https:\/\/www.laflechelibre.fr\/blog\/wp-json\/wp\/v2\/types\/page"}],"author":[{"embeddable":true,"href":"https:\/\/www.laflechelibre.fr\/blog\/wp-json\/wp\/v2\/users\/1"}],"replies":[{"embeddable":true,"href":"https:\/\/www.laflechelibre.fr\/blog\/wp-json\/wp\/v2\/comments?post=57"}],"version-history":[{"count":12,"href":"https:\/\/www.laflechelibre.fr\/blog\/wp-json\/wp\/v2\/pages\/57\/revisions"}],"predecessor-version":[{"id":394,"href":"https:\/\/www.laflechelibre.fr\/blog\/wp-json\/wp\/v2\/pages\/57\/revisions\/394"}],"wp:attachment":[{"href":"https:\/\/www.laflechelibre.fr\/blog\/wp-json\/wp\/v2\/media?parent=57"}],"curies":[{"name":"wp","href":"https:\/\/api.w.org\/{rel}","templated":true}]}}